{"id":4215,"date":"2025-10-20T17:23:16","date_gmt":"2025-10-20T15:23:16","guid":{"rendered":"https:\/\/amfriacademy.com\/?post_type=product&#038;p=4215"},"modified":"2025-11-10T18:13:59","modified_gmt":"2025-11-10T17:13:59","slug":"jutsu-009-prepara-tu-set-live-profesional","status":"publish","type":"product","link":"https:\/\/amfriacademy.com\/en\/producto\/jutsu-009-prepara-tu-set-live-profesional\/","title":{"rendered":"JUTSU 009: Prepara tu set live profesional"},"content":{"rendered":"<p>[et_pb_section fb_built=&#8221;1&#8243; _builder_version=&#8221;4.16&#8243; custom_padding=&#8221;0px||||false|false&#8221; global_colors_info=&#8221;{}&#8221;][et_pb_row _builder_version=&#8221;4.16&#8243; background_size=&#8221;initial&#8221; background_position=&#8221;top_left&#8221; background_repeat=&#8221;repeat&#8221; width=&#8221;100%&#8221; custom_padding=&#8221;0px||0px||false|false&#8221; global_colors_info=&#8221;{}&#8221;][et_pb_column type=&#8221;4_4&#8243; _builder_version=&#8221;4.16&#8243; custom_padding=&#8221;|||&#8221; global_colors_info=&#8221;{}&#8221; custom_padding__hover=&#8221;|||&#8221;][et_pb_wc_breadcrumb _builder_version=&#8221;4.16&#8243; global_colors_info=&#8221;{}&#8221;][\/et_pb_wc_breadcrumb][et_pb_wc_cart_notice _builder_version=&#8221;4.16&#8243; global_colors_info=&#8221;{}&#8221;][\/et_pb_wc_cart_notice][\/et_pb_column][\/et_pb_row][et_pb_row column_structure=&#8221;1_2,1_2&#8243; _builder_version=&#8221;4.16&#8243; background_size=&#8221;initial&#8221; background_position=&#8221;top_left&#8221; background_repeat=&#8221;repeat&#8221; width=&#8221;100%&#8221; custom_padding=&#8221;0px||||false|false&#8221; global_colors_info=&#8221;{}&#8221;][et_pb_column type=&#8221;1_2&#8243; _builder_version=&#8221;4.16&#8243; custom_padding=&#8221;|||&#8221; global_colors_info=&#8221;{}&#8221; custom_padding__hover=&#8221;|||&#8221;][et_pb_wc_images _builder_version=&#8221;4.27.4&#8243; animation_style=&#8221;fade&#8221; global_colors_info=&#8221;{}&#8221;][\/et_pb_wc_images][\/et_pb_column][et_pb_column type=&#8221;1_2&#8243; _builder_version=&#8221;4.16&#8243; custom_padding=&#8221;|||&#8221; global_colors_info=&#8221;{}&#8221; custom_padding__hover=&#8221;|||&#8221;][et_pb_wc_title _builder_version=&#8221;4.16&#8243; global_colors_info=&#8221;{}&#8221;][\/et_pb_wc_title][et_pb_wc_rating _builder_version=&#8221;4.16&#8243; global_colors_info=&#8221;{}&#8221;][\/et_pb_wc_rating][et_pb_wc_price _builder_version=&#8221;4.16&#8243; custom_margin=&#8221;||-1px|||&#8221; global_colors_info=&#8221;{}&#8221;][\/et_pb_wc_price][et_pb_text _builder_version=&#8221;4.27.4&#8243; _module_preset=&#8221;default&#8221; global_colors_info=&#8221;{}&#8221;]<\/p>\n<p style=\"text-align: left;\"><span style=\"font-size: medium;\"><strong>\u00a0 \u00a0 \u00a0 \u00a0 \u00a0 \u00a0 \u00a0 \u00a0 \u00a0 \u00a0 \u00a0 \u00a0 \u00a0 \u00a0 *un \u00fanico pago, acceso para siempre<\/strong><\/span><\/p>\n<p>[\/et_pb_text][et_pb_wc_description _builder_version=&#8221;4.16&#8243; global_colors_info=&#8221;{}&#8221;][\/et_pb_wc_description][et_pb_wc_add_to_cart _builder_version=&#8221;4.16&#8243; global_colors_info=&#8221;{}&#8221;][\/et_pb_wc_add_to_cart][et_pb_wc_meta _builder_version=&#8221;4.16&#8243; global_colors_info=&#8221;{}&#8221;][\/et_pb_wc_meta][\/et_pb_column][\/et_pb_row][et_pb_row _builder_version=&#8221;4.16&#8243; background_size=&#8221;initial&#8221; background_position=&#8221;top_left&#8221; background_repeat=&#8221;repeat&#8221; width=&#8221;100%&#8221; global_colors_info=&#8221;{}&#8221;][et_pb_column type=&#8221;4_4&#8243; _builder_version=&#8221;4.16&#8243; custom_padding=&#8221;|||&#8221; global_colors_info=&#8221;{}&#8221; custom_padding__hover=&#8221;|||&#8221;][et_pb_wc_tabs _builder_version=&#8221;4.16&#8243; global_colors_info=&#8221;{}&#8221;][\/et_pb_wc_tabs][et_pb_wc_upsells _builder_version=&#8221;4.16&#8243; global_colors_info=&#8221;{}&#8221;][\/et_pb_wc_upsells][et_pb_wc_related_products _builder_version=&#8221;4.16&#8243; global_colors_info=&#8221;{}&#8221;][\/et_pb_wc_related_products][\/et_pb_column][\/et_pb_row][\/et_pb_section]<\/p>\n","protected":false},"excerpt":{"rendered":"<p>\u00a0 \u00a0 \u00a0 \u00a0 \u00a0 \u00a0 \u00a0 \u00a0 \u00a0 \u00a0 \u00a0 \u00a0 \u00a0 \u00a0 *un \u00fanico pago, acceso para siempre<\/p>\n","protected":false},"featured_media":4223,"comment_status":"open","ping_status":"closed","template":"","meta":{"_et_pb_use_builder":"on","_et_pb_old_content":"La mayor\u00eda de artistas suenan bien en el estudio, pero se caen en el directo.\r\nY no es por falta de talento: es por falta de preparaci\u00f3n.\r\n\r\nEn este JUTSU vas a aprender a montar un set en Ableton Live totalmente automatizado, como los que preparamos en AMFRI Studios para nuestros artistas.\r\n\r\nUn sistema que te permitir\u00e1 sonar profesional en cualquier escenario, sin depender de un DJ ni de un t\u00e9cnico que entienda tu setup. Literalmente necesitar\u00e1s que le den a la barra espaciadora.\r\n\r\n\u2705 \u00bfQu\u00e9 te vas a llevar?\r\n\r\n- C\u00f3mo construir tu set live paso a paso en Ableton Live.\r\n- C\u00f3mo automatizar canciones, transiciones y efectos sin romper el flow.\r\n- Qu\u00e9 equipo necesitas (y qu\u00e9 no) para sonar profesional desde el primer show.\r\n- C\u00f3mo ensayar y comunicarte con t\u00e9cnicos de sala como un artista de nivel.\r\n\r\n\ud83c\udfaf Estructura del JUTSU\r\n\r\nM\u00f3dulo 1: El poder del directo automatizado\r\nM\u00f3dulo 2: Construye tu set en Ableton Live\r\nM\u00f3dulo 3: Equipo necesario y preparaci\u00f3n del show\r\n\r\n\ud83c\udf81 Incluye los siguientes recursos\r\n\r\n- Plantilla de Ableton Live lista para montar tu set.\r\n- Rider t\u00e9cnico editable.\r\n- Checklist pre-show.\r\n- PDF resumen de cada m\u00f3dulo.","_et_gb_content_width":"","_joinchat":[]},"product_brand":[],"product_cat":[85],"product_tag":[87,86],"class_list":{"0":"post-4215","1":"product","2":"type-product","3":"status-publish","4":"has-post-thumbnail","6":"product_cat-masterclasses","7":"product_tag-jutsus","8":"product_tag-masterclass","10":"first","11":"instock","12":"sale","13":"virtual","14":"sold-individually","15":"taxable","16":"purchasable","17":"product-type-course"},"yoast_head":"<!-- This site is optimized with the Yoast SEO plugin v27.3 - https:\/\/yoast.com\/product\/yoast-seo-wordpress\/ -->\n<title>AMFRI Academy<\/title>\n<meta name=\"robots\" content=\"index, follow, max-snippet:-1, max-image-preview:large, max-video-preview:-1\" \/>\n<meta property=\"og:locale\" content=\"en_US\" \/>\n<meta property=\"og:type\" content=\"article\" \/>\n<meta property=\"og:site_name\" content=\"AMFRI Academy\" \/>\n<meta name=\"twitter:card\" content=\"summary_large_image\" \/>\n<script type=\"application\/ld+json\" class=\"yoast-schema-graph\">{\"@context\":\"https:\\\/\\\/schema.org\",\"@graph\":[{\"@type\":\"CollectionPage\",\"@id\":null,\"url\":\"\",\"name\":\"\",\"isPartOf\":{\"@id\":\"https:\\\/\\\/amfriacademy.com\\\/#website\"},\"inLanguage\":\"en-US\"},{\"@type\":\"WebSite\",\"@id\":\"https:\\\/\\\/amfriacademy.com\\\/#website\",\"url\":\"https:\\\/\\\/amfriacademy.com\\\/\",\"name\":\"AMFRI Academy - Academia Artista Musical Independiente\",\"description\":\"Todo lo que necesitas para desarrollar tu carrera como artista musical independiente de manera profesional est\u00e1 aqu\u00ed.\",\"publisher\":{\"@id\":\"https:\\\/\\\/amfriacademy.com\\\/#organization\"},\"alternateName\":\"Academia Artista Musical Independiente\",\"potentialAction\":[{\"@type\":\"SearchAction\",\"target\":{\"@type\":\"EntryPoint\",\"urlTemplate\":\"https:\\\/\\\/amfriacademy.com\\\/?s={search_term_string}\"},\"query-input\":{\"@type\":\"PropertyValueSpecification\",\"valueRequired\":true,\"valueName\":\"search_term_string\"}}],\"inLanguage\":\"en-US\"},{\"@type\":\"Organization\",\"@id\":\"https:\\\/\\\/amfriacademy.com\\\/#organization\",\"name\":\"AMFRI Academy - Academia Artista Musical Independiente\",\"alternateName\":\"Academia Artista Musical Independiente\",\"url\":\"https:\\\/\\\/amfriacademy.com\\\/\",\"logo\":{\"@type\":\"ImageObject\",\"inLanguage\":\"en-US\",\"@id\":\"https:\\\/\\\/amfriacademy.com\\\/#\\\/schema\\\/logo\\\/image\\\/\",\"url\":\"https:\\\/\\\/amfriacademy.com\\\/wp-content\\\/uploads\\\/2024\\\/01\\\/AMFRI-Records-Fav-Icon.png\",\"contentUrl\":\"https:\\\/\\\/amfriacademy.com\\\/wp-content\\\/uploads\\\/2024\\\/01\\\/AMFRI-Records-Fav-Icon.png\",\"width\":294,\"height\":294,\"caption\":\"AMFRI Academy - Academia Artista Musical Independiente\"},\"image\":{\"@id\":\"https:\\\/\\\/amfriacademy.com\\\/#\\\/schema\\\/logo\\\/image\\\/\"},\"sameAs\":[\"https:\\\/\\\/www.instagram.com\\\/amfri.studios\\\/\",\"https:\\\/\\\/yt.openinapp.co\\\/7fxgs\"]}]}<\/script>\n<!-- \/ Yoast SEO plugin. -->","yoast_head_json":{"title":"AMFRI Academy","robots":{"index":"index","follow":"follow","max-snippet":"max-snippet:-1","max-image-preview":"max-image-preview:large","max-video-preview":"max-video-preview:-1"},"og_locale":"en_US","og_type":"article","og_site_name":"AMFRI Academy","twitter_card":"summary_large_image","schema":{"@context":"https:\/\/schema.org","@graph":[{"@type":"CollectionPage","@id":null,"url":"","name":"","isPartOf":{"@id":"https:\/\/amfriacademy.com\/#website"},"inLanguage":"en-US"},{"@type":"WebSite","@id":"https:\/\/amfriacademy.com\/#website","url":"https:\/\/amfriacademy.com\/","name":"AMFRI Academy - Academia Artista Musical Independiente","description":"Todo lo que necesitas para desarrollar tu carrera como artista musical independiente de manera profesional est\u00e1 aqu\u00ed.","publisher":{"@id":"https:\/\/amfriacademy.com\/#organization"},"alternateName":"Academia Artista Musical Independiente","potentialAction":[{"@type":"SearchAction","target":{"@type":"EntryPoint","urlTemplate":"https:\/\/amfriacademy.com\/?s={search_term_string}"},"query-input":{"@type":"PropertyValueSpecification","valueRequired":true,"valueName":"search_term_string"}}],"inLanguage":"en-US"},{"@type":"Organization","@id":"https:\/\/amfriacademy.com\/#organization","name":"AMFRI Academy - Academia Artista Musical Independiente","alternateName":"Academia Artista Musical Independiente","url":"https:\/\/amfriacademy.com\/","logo":{"@type":"ImageObject","inLanguage":"en-US","@id":"https:\/\/amfriacademy.com\/#\/schema\/logo\/image\/","url":"https:\/\/amfriacademy.com\/wp-content\/uploads\/2024\/01\/AMFRI-Records-Fav-Icon.png","contentUrl":"https:\/\/amfriacademy.com\/wp-content\/uploads\/2024\/01\/AMFRI-Records-Fav-Icon.png","width":294,"height":294,"caption":"AMFRI Academy - Academia Artista Musical Independiente"},"image":{"@id":"https:\/\/amfriacademy.com\/#\/schema\/logo\/image\/"},"sameAs":["https:\/\/www.instagram.com\/amfri.studios\/","https:\/\/yt.openinapp.co\/7fxgs"]}]}},"_links":{"self":[{"href":"https:\/\/amfriacademy.com\/en\/wp-json\/wp\/v2\/product\/4215","targetHints":{"allow":["GET"]}}],"collection":[{"href":"https:\/\/amfriacademy.com\/en\/wp-json\/wp\/v2\/product"}],"about":[{"href":"https:\/\/amfriacademy.com\/en\/wp-json\/wp\/v2\/types\/product"}],"replies":[{"embeddable":true,"href":"https:\/\/amfriacademy.com\/en\/wp-json\/wp\/v2\/comments?post=4215"}],"wp:featuredmedia":[{"embeddable":true,"href":"https:\/\/amfriacademy.com\/en\/wp-json\/wp\/v2\/media\/4223"}],"wp:attachment":[{"href":"https:\/\/amfriacademy.com\/en\/wp-json\/wp\/v2\/media?parent=4215"}],"wp:term":[{"taxonomy":"product_brand","embeddable":true,"href":"https:\/\/amfriacademy.com\/en\/wp-json\/wp\/v2\/product_brand?post=4215"},{"taxonomy":"product_cat","embeddable":true,"href":"https:\/\/amfriacademy.com\/en\/wp-json\/wp\/v2\/product_cat?post=4215"},{"taxonomy":"product_tag","embeddable":true,"href":"https:\/\/amfriacademy.com\/en\/wp-json\/wp\/v2\/product_tag?post=4215"}],"curies":[{"name":"wp","href":"https:\/\/api.w.org\/{rel}","templated":true}]}}